{"id":214,"date":"2021-05-24T17:54:01","date_gmt":"2021-05-24T15:54:01","guid":{"rendered":"https:\/\/ranking.global\/?page_id=214"},"modified":"2024-09-04T13:08:38","modified_gmt":"2024-09-04T11:08:38","slug":"about","status":"publish","type":"page","link":"https:\/\/ranking.global\/fr\/a-propos-de\/","title":{"rendered":"\u00c0 propos"},"content":{"rendered":"\t\t<div data-elementor-type=\"wp-post\" data-elementor-id=\"214\" class=\"elementor elementor-214\" data-elementor-post-type=\"page\">\n\t\t\t\t\t\t<section class=\"elementor-section elementor-top-section elementor-element elementor-element-76c738e3 elementor-section-height-min-height elementor-section-boxed elementor-section-height-default elementor-section-items-middle\" data-id=\"76c738e3\" data-element_type=\"section\" data-e-type=\"section\" data-settings=\"{&quot;background_background&quot;:&quot;classic&quot;,&quot;shape_divider_bottom&quot;:&quot;waves&quot;}\">\n\t\t\t\t\t\t\t<div class=\"elementor-background-overlay\"><\/div>\n\t\t\t\t\t\t<div class=\"elementor-shape elementor-shape-bottom\" aria-hidden=\"true\" data-negative=\"false\">\n\t\t\t<svg xmlns=\"http:\/\/www.w3.org\/2000\/svg\" viewBox=\"0 0 1000 100\" preserveAspectRatio=\"none\">\n\t<path class=\"elementor-shape-fill\" d=\"M421.9,6.5c22.6-2.5,51.5,0.4,75.5,5.3c23.6,4.9,70.9,23.5,100.5,35.7c75.8,32.2,133.7,44.5,192.6,49.7\n\tc23.6,2.1,48.7,3.5,103.4-2.5c54.7-6,106.2-25.6,106.2-25.6V0H0v30.3c0,0,72,32.6,158.4,30.5c39.2-0.7,92.8-6.7,134-22.4\n\tc21.2-8.1,52.2-18.2,79.7-24.2C399.3,7.9,411.6,7.5,421.9,6.5z\"\/>\n<\/svg>\t\t<\/div>\n\t\t\t\t\t<div class=\"elementor-container elementor-column-gap-default\">\n\t\t\t\t\t<div class=\"elementor-column elementor-col-100 elementor-top-column elementor-element elementor-element-33126945\" data-id=\"33126945\" data-element_type=\"column\" data-e-type=\"column\">\n\t\t\t<div class=\"elementor-widget-wrap elementor-element-populated\">\n\t\t\t\t\t\t<div class=\"elementor-element elementor-element-2207099b elementor-hidden-desktop elementor-hidden-tablet elementor-hidden-mobile elementor-widget elementor-widget-heading\" data-id=\"2207099b\" data-element_type=\"widget\" data-e-type=\"widget\" data-widget_type=\"heading.default\">\n\t\t\t\t<div class=\"elementor-widget-container\">\n\t\t\t\t\t<h1 class=\"elementor-heading-title elementor-size-default\">About Ranking.Global<\/h1>\t\t\t\t<\/div>\n\t\t\t\t<\/div>\n\t\t\t\t<div class=\"elementor-element elementor-element-bb691c2 elementor-widget elementor-widget-heading\" data-id=\"bb691c2\" data-element_type=\"widget\" data-e-type=\"widget\" data-widget_type=\"heading.default\">\n\t\t\t\t<div class=\"elementor-widget-container\">\n\t\t\t\t\t<h2 class=\"elementor-heading-title elementor-size-default\">About Us<\/h2>\t\t\t\t<\/div>\n\t\t\t\t<\/div>\n\t\t\t\t<div class=\"elementor-element elementor-element-266d826e elementor-widget elementor-widget-heading\" data-id=\"266d826e\" data-element_type=\"widget\" data-e-type=\"widget\" data-widget_type=\"heading.default\">\n\t\t\t\t<div class=\"elementor-widget-container\">\n\t\t\t\t\t<h3 class=\"elementor-heading-title elementor-size-default\">Save your time, everything is ranked<\/h3>\t\t\t\t<\/div>\n\t\t\t\t<\/div>\n\t\t\t\t\t<\/div>\n\t\t<\/div>\n\t\t\t\t\t<\/div>\n\t\t<\/section>\n\t\t\t\t<section class=\"elementor-section elementor-top-section elementor-element elementor-element-066788f elementor-hidden-desktop elementor-hidden-tablet elementor-hidden-mobile elementor-section-boxed elementor-section-height-default elementor-section-height-default\" data-id=\"066788f\" data-element_type=\"section\" data-e-type=\"section\">\n\t\t\t\t\t\t<div class=\"elementor-container elementor-column-gap-default\">\n\t\t\t\t\t<div class=\"elementor-column elementor-col-100 elementor-top-column elementor-element elementor-element-2c3b46e\" data-id=\"2c3b46e\" data-element_type=\"column\" data-e-type=\"column\">\n\t\t\t<div class=\"elementor-widget-wrap elementor-element-populated\">\n\t\t\t\t\t\t<div class=\"elementor-element elementor-element-6ee6c0e elementor-widget elementor-widget-heading\" data-id=\"6ee6c0e\" data-element_type=\"widget\" data-e-type=\"widget\" data-widget_type=\"heading.default\">\n\t\t\t\t<div class=\"elementor-widget-container\">\n\t\t\t\t\t<h2 class=\"elementor-heading-title elementor-size-default\">About Ranking.Global<\/h2>\t\t\t\t<\/div>\n\t\t\t\t<\/div>\n\t\t\t\t<div class=\"elementor-element elementor-element-708a3c9 elementor-widget elementor-widget-text-editor\" data-id=\"708a3c9\" data-element_type=\"widget\" data-e-type=\"widget\" data-widget_type=\"text-editor.default\">\n\t\t\t\t<div class=\"elementor-widget-container\">\n\t\t\t\t\t\t\t\t\t<p>Welcome to the <strong>About <\/strong>Ranking.Global page. We are a dedicated team passionate about providing accurate and comprehensive rankings across a wide range of topics. Our mission is to help you make informed decisions by offering well-researched and reliable information on the best options available in various fields.<\/p><p>At <strong>About <\/strong>Ranking.Global we cover everything from education and technology to travel, lifestyle, and entertainment. Our rankings are designed to be both informative and engaging, ensuring that you have access to the most relevant and up-to-date content. We believe that knowledge is power, and our goal is to empower you with the insights you need to choose the best options in any category.<\/p><p>Our team is committed to maintaining the highest standards of research and analysis. We carefully select and evaluate data from trusted sources to create rankings that reflect the current state of the world. Each ranking is crafted with attention to detail, ensuring accuracy and reliability.<\/p><p>We also value transparency and strive to be open about our processes and methodologies. This approach helps build trust with our readers and ensures that our content remains unbiased and credible.<\/p><p>Thank you for visiting Ranking.Global. We invite you to explore our site and discover the top contenders in your areas of interest. We are here to guide you on your journey to finding the best the world has to offer.<\/p><p>\u00a0<a href=\"https:\/\/www.wikipedia.org\/\" target=\"_blank\" rel=\"noopener\">Wikipedia<\/a> <a href=\"https:\/\/www.wikipedia.org\/\" target=\"_blank\" rel=\"noopener\">tripadvisor<\/a><\/p>\t\t\t\t\t\t\t\t<\/div>\n\t\t\t\t<\/div>\n\t\t\t\t<div class=\"elementor-element elementor-element-b22f73b elementor-widget elementor-widget-text-editor\" data-id=\"b22f73b\" data-element_type=\"widget\" data-e-type=\"widget\" data-widget_type=\"text-editor.default\">\n\t\t\t\t<div class=\"elementor-widget-container\">\n\t\t\t\t\t\t\t\t\t<p><a href=\"https:\/\/ranking.global\/category\/high-tech\/\">High-tech<\/a> |\u00a0<a href=\"https:\/\/ranking.global\/category\/movies-series\/\">Movies &amp; Series <\/a>|\u00a0<a href=\"https:\/\/ranking.global\/category\/animals\/\">Animals<\/a> |\u00a0<a href=\"https:\/\/ranking.global\/category\/games\/\">Games<\/a> |\u00a0<a href=\"https:\/\/ranking.global\/category\/books-literature\/\">Books &amp; Literature<\/a> | <a href=\"https:\/\/ranking.global\/category\/food\/\">Food | <\/a><a href=\"https:\/\/ranking.global\/category\/well-being\/\">Well-Being<\/a> | <a href=\"https:\/\/ranking.global\/category\/fashion\/\">Fashion<\/a> | <a href=\"https:\/\/ranking.global\/category\/vehicle\/\">Vehicle<\/a> | <a href=\"https:\/\/ranking.global\/category\/sport\/\">Sport<\/a> |\u00a0<a href=\"https:\/\/ranking.global\/category\/music\/\">Music<\/a> | <a href=\"https:\/\/ranking.global\/category\/tourism\/\">Tourism<\/a> | <a href=\"https:\/\/ranking.global\/category\/platform\/\">Platform<\/a> | <a href=\"https:\/\/ranking.global\/category\/people\/\">People<\/a> | <a href=\"https:\/\/ranking.global\/category\/other\/\">Other<\/a><\/p>\t\t\t\t\t\t\t\t<\/div>\n\t\t\t\t<\/div>\n\t\t\t\t\t<\/div>\n\t\t<\/div>\n\t\t\t\t\t<\/div>\n\t\t<\/section>\n\t\t\t\t<section class=\"elementor-section elementor-top-section elementor-element elementor-element-3130b25 elementor-section-boxed elementor-section-height-default elementor-section-height-default\" data-id=\"3130b25\" data-element_type=\"section\" data-e-type=\"section\">\n\t\t\t\t\t\t<div class=\"elementor-container elementor-column-gap-default\">\n\t\t\t\t\t<div class=\"elementor-column elementor-col-33 elementor-top-column elementor-element elementor-element-35515c7a\" data-id=\"35515c7a\" data-element_type=\"column\" data-e-type=\"column\">\n\t\t\t<div class=\"elementor-widget-wrap elementor-element-populated\">\n\t\t\t\t\t\t<div class=\"elementor-element elementor-element-70f036b0 elementor-widget elementor-widget-heading\" data-id=\"70f036b0\" data-element_type=\"widget\" data-e-type=\"widget\" data-widget_type=\"heading.default\">\n\t\t\t\t<div class=\"elementor-widget-container\">\n\t\t\t\t\t<h2 class=\"elementor-heading-title elementor-size-default\">ranking.global<\/h2>\t\t\t\t<\/div>\n\t\t\t\t<\/div>\n\t\t\t\t<div class=\"elementor-element elementor-element-54346072 elementor-widget elementor-widget-text-editor\" data-id=\"54346072\" data-element_type=\"widget\" data-e-type=\"widget\" data-widget_type=\"text-editor.default\">\n\t\t\t\t<div class=\"elementor-widget-container\">\n\t\t\t\t\t\t\t\t\t<p>We post here the most interesting and fresh content, carefully verified and updated according to trends and news.<\/p>\t\t\t\t\t\t\t\t<\/div>\n\t\t\t\t<\/div>\n\t\t\t\t<div class=\"elementor-element elementor-element-6e68aff1 elementor-widget elementor-widget-text-editor\" data-id=\"6e68aff1\" data-element_type=\"widget\" data-e-type=\"widget\" data-widget_type=\"text-editor.default\">\n\t\t\t\t<div class=\"elementor-widget-container\">\n\t\t\t\t\t\t\t\t\t<p>No more rankings with endless explanations. Everything is short, clear and certain !<\/p>\t\t\t\t\t\t\t\t<\/div>\n\t\t\t\t<\/div>\n\t\t\t\t\t<\/div>\n\t\t<\/div>\n\t\t\t\t<div class=\"elementor-column elementor-col-33 elementor-top-column elementor-element elementor-element-79c4e175\" data-id=\"79c4e175\" data-element_type=\"column\" data-e-type=\"column\">\n\t\t\t<div class=\"elementor-widget-wrap elementor-element-populated\">\n\t\t\t\t\t\t<div class=\"elementor-element elementor-element-15029466 elementor-widget elementor-widget-heading\" data-id=\"15029466\" data-element_type=\"widget\" data-e-type=\"widget\" data-widget_type=\"heading.default\">\n\t\t\t\t<div class=\"elementor-widget-container\">\n\t\t\t\t\t<h2 class=\"elementor-heading-title elementor-size-default\">You<\/h2>\t\t\t\t<\/div>\n\t\t\t\t<\/div>\n\t\t\t\t<div class=\"elementor-element elementor-element-53afcd34 elementor-widget elementor-widget-text-editor\" data-id=\"53afcd34\" data-element_type=\"widget\" data-e-type=\"widget\" data-widget_type=\"text-editor.default\">\n\t\t\t\t<div class=\"elementor-widget-container\">\n\t\t\t\t\t\t\t\t\t<p>Your rankings in a few seconds, on all the themes.<\/p>\t\t\t\t\t\t\t\t<\/div>\n\t\t\t\t<\/div>\n\t\t\t\t<div class=\"elementor-element elementor-element-69b2a276 elementor-widget elementor-widget-text-editor\" data-id=\"69b2a276\" data-element_type=\"widget\" data-e-type=\"widget\" data-widget_type=\"text-editor.default\">\n\t\t\t\t<div class=\"elementor-widget-container\">\n\t\t\t\t\t\t\t\t\t<p>Don&#8217;t look any further, everything you need is on ranking.global !<\/p>\t\t\t\t\t\t\t\t<\/div>\n\t\t\t\t<\/div>\n\t\t\t\t\t<\/div>\n\t\t<\/div>\n\t\t\t\t<div class=\"elementor-column elementor-col-33 elementor-top-column elementor-element elementor-element-2e7586f4\" data-id=\"2e7586f4\" data-element_type=\"column\" data-e-type=\"column\">\n\t\t\t<div class=\"elementor-widget-wrap elementor-element-populated\">\n\t\t\t\t\t\t<div class=\"elementor-element elementor-element-382e0a87 elementor-widget elementor-widget-image\" data-id=\"382e0a87\" data-element_type=\"widget\" data-e-type=\"widget\" data-settings=\"{&quot;motion_fx_motion_fx_scrolling&quot;:&quot;yes&quot;,&quot;motion_fx_translateY_effect&quot;:&quot;yes&quot;,&quot;motion_fx_translateY_speed&quot;:{&quot;unit&quot;:&quot;px&quot;,&quot;size&quot;:&quot;1&quot;,&quot;sizes&quot;:[]},&quot;motion_fx_translateY_affectedRange&quot;:{&quot;unit&quot;:&quot;%&quot;,&quot;size&quot;:&quot;&quot;,&quot;sizes&quot;:{&quot;start&quot;:0,&quot;end&quot;:100}},&quot;motion_fx_devices&quot;:[&quot;desktop&quot;,&quot;tablet&quot;,&quot;mobile&quot;]}\" data-widget_type=\"image.default\">\n\t\t\t\t<div class=\"elementor-widget-container\">\n\t\t\t\t\t\t\t\t\t\t\t\t\t\t\t<img fetchpriority=\"high\" decoding=\"async\" data-attachment-id=\"859\" data-permalink=\"https:\/\/ranking.global\/fr\/a-propos-de\/centre-retourne\/\" data-orig-file=\"https:\/\/i0.wp.com\/ranking.global\/wp-content\/uploads\/2022\/01\/centre-retourne-e1646656979893.png?fit=500%2C420&amp;ssl=1\" data-orig-size=\"500,420\" data-comments-opened=\"1\" data-image-meta=\"{&quot;aperture&quot;:&quot;0&quot;,&quot;credit&quot;:&quot;&quot;,&quot;camera&quot;:&quot;&quot;,&quot;caption&quot;:&quot;&quot;,&quot;created_timestamp&quot;:&quot;0&quot;,&quot;copyright&quot;:&quot;&quot;,&quot;focal_length&quot;:&quot;0&quot;,&quot;iso&quot;:&quot;0&quot;,&quot;shutter_speed&quot;:&quot;0&quot;,&quot;title&quot;:&quot;&quot;,&quot;orientation&quot;:&quot;0&quot;}\" data-image-title=\"centre-retourne\" data-image-description=\"\" data-image-caption=\"\" data-large-file=\"https:\/\/i0.wp.com\/ranking.global\/wp-content\/uploads\/2022\/01\/centre-retourne-e1646656979893.png?fit=500%2C420&amp;ssl=1\" width=\"500\" height=\"420\" src=\"https:\/\/i0.wp.com\/ranking.global\/wp-content\/uploads\/2022\/01\/centre-retourne-e1646656979893.png?fit=500%2C420&amp;ssl=1\" class=\"attachment-full size-full wp-image-859\" alt=\"about\" data-attachment-id=\"859\" data-permalink=\"https:\/\/ranking.global\/about\/centre-retourne\/\" data-orig-file=\"https:\/\/i0.wp.com\/ranking.global\/wp-content\/uploads\/2022\/01\/centre-retourne-e1646656979893.png?fit=500%2C420&amp;ssl=1\" data-orig-size=\"500,420\" data-comments-opened=\"1\" data-image-meta=\"{&quot;aperture&quot;:&quot;0&quot;,&quot;credit&quot;:&quot;&quot;,&quot;camera&quot;:&quot;&quot;,&quot;caption&quot;:&quot;&quot;,&quot;created_timestamp&quot;:&quot;0&quot;,&quot;copyright&quot;:&quot;&quot;,&quot;focal_length&quot;:&quot;0&quot;,&quot;iso&quot;:&quot;0&quot;,&quot;shutter_speed&quot;:&quot;0&quot;,&quot;title&quot;:&quot;&quot;,&quot;orientation&quot;:&quot;0&quot;}\" data-image-title=\"centre-retourne\" data-image-description=\"\" data-image-caption=\"\" data-large-file=\"https:\/\/i0.wp.com\/ranking.global\/wp-content\/uploads\/2022\/01\/centre-retourne-e1646656979893.png?fit=500%2C420&amp;ssl=1\" \/>\t\t\t\t\t\t\t\t\t\t\t\t\t\t\t<\/div>\n\t\t\t\t<\/div>\n\t\t\t\t\t<\/div>\n\t\t<\/div>\n\t\t\t\t\t<\/div>\n\t\t<\/section>\n\t\t\t\t<\/div>\n\t\t","protected":false},"excerpt":{"rendered":"<p>About Ranking.Global About Us Save your time, everything is ranked About Ranking.Global Welcome to the About Ranking.Global page. We are a dedicated team passionate about providing accurate and comprehensive rankings across a wide range of topics. Our mission is to help you make informed decisions by offering well-researched and reliable information on the best options<a class=\"more-link\" href=\"https:\/\/ranking.global\/fr\/a-propos-de\/\">Poursuivre la lecture <span class=\"screen-reader-text\">\"A propos de<\/span><\/a><\/p>","protected":false},"author":205125103,"featured_media":859,"parent":0,"menu_order":0,"comment_status":"closed","ping_status":"closed","template":"elementor_header_footer","meta":{"_coblocks_attr":"","_coblocks_dimensions":"","_coblocks_responsive_height":"","_coblocks_accordion_ie_support":"","_crdt_document":"","_monsterinsights_skip_tracking":false,"_monsterinsights_sitenote_active":false,"_monsterinsights_sitenote_note":"","_monsterinsights_sitenote_category":0,"jetpack_post_was_ever_published":false,"footnotes":""},"class_list":["post-214","page","type-page","status-publish","has-post-thumbnail","hentry","entry"],"yoast_head":"<!-- This site is optimized with the Yoast SEO Premium plugin v23.3 (Yoast SEO v27.3) - https:\/\/yoast.com\/product\/yoast-seo-premium-wordpress\/ -->\n<title>About | ranking.global<\/title>\n<meta name=\"description\" content=\"Discover About Ranking.Global. Our mission is to provide accurate, up-to-date rankings with a commitment to transparency and reliability.\" \/>\n<meta name=\"robots\" content=\"index, follow, max-snippet:-1, max-image-preview:large, max-video-preview:-1\" \/>\n<link rel=\"canonical\" href=\"https:\/\/ranking.global\/fr\/a-propos-de\/\" \/>\n<meta property=\"og:locale\" content=\"fr_FR\" \/>\n<meta property=\"og:type\" content=\"article\" \/>\n<meta property=\"og:title\" content=\"About\" \/>\n<meta property=\"og:description\" content=\"Discover About Ranking.Global. Our mission is to provide accurate, up-to-date rankings with a commitment to transparency and reliability.\" \/>\n<meta property=\"og:url\" content=\"https:\/\/ranking.global\/fr\/a-propos-de\/\" \/>\n<meta property=\"og:site_name\" content=\"ranking.global\" \/>\n<meta property=\"article:publisher\" content=\"https:\/\/www.facebook.com\/profile.php?id=100090075040937\" \/>\n<meta property=\"article:modified_time\" content=\"2024-09-04T11:08:38+00:00\" \/>\n<meta property=\"og:image\" content=\"https:\/\/ranking.global\/wp-content\/uploads\/2022\/01\/centre-retourne-e1646656979893.png\" \/>\n\t<meta property=\"og:image:width\" content=\"500\" \/>\n\t<meta property=\"og:image:height\" content=\"420\" \/>\n\t<meta property=\"og:image:type\" content=\"image\/png\" \/>\n<meta name=\"twitter:card\" content=\"summary_large_image\" \/>\n<meta name=\"twitter:site\" content=\"@ranking_global\" \/>\n<meta name=\"twitter:label1\" content=\"Dur\u00e9e de lecture estim\u00e9e\" \/>\n\t<meta name=\"twitter:data1\" content=\"2 minutes\" \/>\n<script type=\"application\/ld+json\" class=\"yoast-schema-graph\">{\"@context\":\"https:\\\/\\\/schema.org\",\"@graph\":[{\"@type\":\"WebPage\",\"@id\":\"https:\\\/\\\/ranking.global\\\/about\\\/\",\"url\":\"https:\\\/\\\/ranking.global\\\/about\\\/\",\"name\":\"About | ranking.global\",\"isPartOf\":{\"@id\":\"https:\\\/\\\/ranking.global\\\/#website\"},\"primaryImageOfPage\":{\"@id\":\"https:\\\/\\\/ranking.global\\\/about\\\/#primaryimage\"},\"image\":{\"@id\":\"https:\\\/\\\/ranking.global\\\/about\\\/#primaryimage\"},\"thumbnailUrl\":\"https:\\\/\\\/i0.wp.com\\\/ranking.global\\\/wp-content\\\/uploads\\\/2022\\\/01\\\/centre-retourne-e1646656979893.png?fit=500%2C420&ssl=1\",\"datePublished\":\"2021-05-24T15:54:01+00:00\",\"dateModified\":\"2024-09-04T11:08:38+00:00\",\"description\":\"Discover About Ranking.Global. Our mission is to provide accurate, up-to-date rankings with a commitment to transparency and reliability.\",\"inLanguage\":\"fr-FR\",\"potentialAction\":[{\"@type\":\"ReadAction\",\"target\":[\"https:\\\/\\\/ranking.global\\\/about\\\/\"]}]},{\"@type\":\"ImageObject\",\"inLanguage\":\"fr-FR\",\"@id\":\"https:\\\/\\\/ranking.global\\\/about\\\/#primaryimage\",\"url\":\"https:\\\/\\\/i0.wp.com\\\/ranking.global\\\/wp-content\\\/uploads\\\/2022\\\/01\\\/centre-retourne-e1646656979893.png?fit=500%2C420&ssl=1\",\"contentUrl\":\"https:\\\/\\\/i0.wp.com\\\/ranking.global\\\/wp-content\\\/uploads\\\/2022\\\/01\\\/centre-retourne-e1646656979893.png?fit=500%2C420&ssl=1\",\"width\":500,\"height\":420,\"caption\":\"about\"},{\"@type\":\"WebSite\",\"@id\":\"https:\\\/\\\/ranking.global\\\/#website\",\"url\":\"https:\\\/\\\/ranking.global\\\/\",\"name\":\"ranking.global\",\"description\":\"\",\"publisher\":{\"@id\":\"https:\\\/\\\/ranking.global\\\/#organization\"},\"potentialAction\":[{\"@type\":\"SearchAction\",\"target\":{\"@type\":\"EntryPoint\",\"urlTemplate\":\"https:\\\/\\\/ranking.global\\\/?s={search_term_string}\"},\"query-input\":{\"@type\":\"PropertyValueSpecification\",\"valueRequired\":true,\"valueName\":\"search_term_string\"}}],\"inLanguage\":\"fr-FR\"},{\"@type\":\"Organization\",\"@id\":\"https:\\\/\\\/ranking.global\\\/#organization\",\"name\":\"ranking.global\",\"url\":\"https:\\\/\\\/ranking.global\\\/\",\"logo\":{\"@type\":\"ImageObject\",\"inLanguage\":\"fr-FR\",\"@id\":\"https:\\\/\\\/ranking.global\\\/#\\\/schema\\\/logo\\\/image\\\/\",\"url\":\"https:\\\/\\\/i0.wp.com\\\/ranking.global\\\/wp-content\\\/uploads\\\/2021\\\/05\\\/RG_ico.png?fit=627%2C627&ssl=1\",\"contentUrl\":\"https:\\\/\\\/i0.wp.com\\\/ranking.global\\\/wp-content\\\/uploads\\\/2021\\\/05\\\/RG_ico.png?fit=627%2C627&ssl=1\",\"width\":627,\"height\":627,\"caption\":\"ranking.global\"},\"image\":{\"@id\":\"https:\\\/\\\/ranking.global\\\/#\\\/schema\\\/logo\\\/image\\\/\"},\"sameAs\":[\"https:\\\/\\\/www.facebook.com\\\/profile.php?id=100090075040937\",\"https:\\\/\\\/x.com\\\/ranking_global\",\"https:\\\/\\\/twitter.com\\\/ranking_global\"]}]}<\/script>\n<!-- \/ Yoast SEO Premium plugin. -->","yoast_head_json":{"title":"A propos de | ranking.global","description":"D\u00e9couvrez Ranking.Global. Notre mission est de fournir des classements pr\u00e9cis et actualis\u00e9s dans un souci de transparence et de fiabilit\u00e9.","robots":{"index":"index","follow":"follow","max-snippet":"max-snippet:-1","max-image-preview":"max-image-preview:large","max-video-preview":"max-video-preview:-1"},"canonical":"https:\/\/ranking.global\/fr\/a-propos-de\/","og_locale":"fr_FR","og_type":"article","og_title":"About","og_description":"Discover About Ranking.Global. Our mission is to provide accurate, up-to-date rankings with a commitment to transparency and reliability.","og_url":"https:\/\/ranking.global\/fr\/a-propos-de\/","og_site_name":"ranking.global","article_publisher":"https:\/\/www.facebook.com\/profile.php?id=100090075040937","article_modified_time":"2024-09-04T11:08:38+00:00","og_image":[{"width":500,"height":420,"url":"https:\/\/ranking.global\/wp-content\/uploads\/2022\/01\/centre-retourne-e1646656979893.png","type":"image\/png"}],"twitter_card":"summary_large_image","twitter_site":"@ranking_global","twitter_misc":{"Dur\u00e9e de lecture estim\u00e9e":"2 minutes"},"schema":{"@context":"https:\/\/schema.org","@graph":[{"@type":"WebPage","@id":"https:\/\/ranking.global\/about\/","url":"https:\/\/ranking.global\/about\/","name":"A propos de | ranking.global","isPartOf":{"@id":"https:\/\/ranking.global\/#website"},"primaryImageOfPage":{"@id":"https:\/\/ranking.global\/about\/#primaryimage"},"image":{"@id":"https:\/\/ranking.global\/about\/#primaryimage"},"thumbnailUrl":"https:\/\/i0.wp.com\/ranking.global\/wp-content\/uploads\/2022\/01\/centre-retourne-e1646656979893.png?fit=500%2C420&ssl=1","datePublished":"2021-05-24T15:54:01+00:00","dateModified":"2024-09-04T11:08:38+00:00","description":"D\u00e9couvrez Ranking.Global. Notre mission est de fournir des classements pr\u00e9cis et actualis\u00e9s dans un souci de transparence et de fiabilit\u00e9.","inLanguage":"fr-FR","potentialAction":[{"@type":"ReadAction","target":["https:\/\/ranking.global\/about\/"]}]},{"@type":"ImageObject","inLanguage":"fr-FR","@id":"https:\/\/ranking.global\/about\/#primaryimage","url":"https:\/\/i0.wp.com\/ranking.global\/wp-content\/uploads\/2022\/01\/centre-retourne-e1646656979893.png?fit=500%2C420&ssl=1","contentUrl":"https:\/\/i0.wp.com\/ranking.global\/wp-content\/uploads\/2022\/01\/centre-retourne-e1646656979893.png?fit=500%2C420&ssl=1","width":500,"height":420,"caption":"about"},{"@type":"WebSite","@id":"https:\/\/ranking.global\/#website","url":"https:\/\/ranking.global\/","name":"ranking.global","description":"","publisher":{"@id":"https:\/\/ranking.global\/#organization"},"potentialAction":[{"@type":"SearchAction","target":{"@type":"EntryPoint","urlTemplate":"https:\/\/ranking.global\/?s={search_term_string}"},"query-input":{"@type":"PropertyValueSpecification","valueRequired":true,"valueName":"search_term_string"}}],"inLanguage":"fr-FR"},{"@type":"Organization","@id":"https:\/\/ranking.global\/#organization","name":"ranking.global","url":"https:\/\/ranking.global\/","logo":{"@type":"ImageObject","inLanguage":"fr-FR","@id":"https:\/\/ranking.global\/#\/schema\/logo\/image\/","url":"https:\/\/i0.wp.com\/ranking.global\/wp-content\/uploads\/2021\/05\/RG_ico.png?fit=627%2C627&ssl=1","contentUrl":"https:\/\/i0.wp.com\/ranking.global\/wp-content\/uploads\/2021\/05\/RG_ico.png?fit=627%2C627&ssl=1","width":627,"height":627,"caption":"ranking.global"},"image":{"@id":"https:\/\/ranking.global\/#\/schema\/logo\/image\/"},"sameAs":["https:\/\/www.facebook.com\/profile.php?id=100090075040937","https:\/\/x.com\/ranking_global","https:\/\/twitter.com\/ranking_global"]}]}},"jetpack_likes_enabled":false,"jetpack_sharing_enabled":true,"jetpack_shortlink":"https:\/\/wp.me\/Pd08Mq-3s","_links":{"self":[{"href":"https:\/\/ranking.global\/fr\/wp-json\/wp\/v2\/pages\/214","targetHints":{"allow":["GET"]}}],"collection":[{"href":"https:\/\/ranking.global\/fr\/wp-json\/wp\/v2\/pages"}],"about":[{"href":"https:\/\/ranking.global\/fr\/wp-json\/wp\/v2\/types\/page"}],"author":[{"embeddable":true,"href":"https:\/\/ranking.global\/fr\/wp-json\/wp\/v2\/users\/205125103"}],"replies":[{"embeddable":true,"href":"https:\/\/ranking.global\/fr\/wp-json\/wp\/v2\/comments?post=214"}],"version-history":[{"count":74,"href":"https:\/\/ranking.global\/fr\/wp-json\/wp\/v2\/pages\/214\/revisions"}],"predecessor-version":[{"id":11082,"href":"https:\/\/ranking.global\/fr\/wp-json\/wp\/v2\/pages\/214\/revisions\/11082"}],"wp:featuredmedia":[{"embeddable":true,"href":"https:\/\/ranking.global\/fr\/wp-json\/wp\/v2\/media\/859"}],"wp:attachment":[{"href":"https:\/\/ranking.global\/fr\/wp-json\/wp\/v2\/media?parent=214"}],"curies":[{"name":"wp","href":"https:\/\/api.w.org\/{rel}","templated":true}]}}